{"id":1185,"date":"2022-02-06T09:44:05","date_gmt":"2022-02-06T09:44:05","guid":{"rendered":"http:\/\/doc3d.org\/blog\/?page_id=1185"},"modified":"2023-02-19T22:27:27","modified_gmt":"2023-02-19T21:27:27","slug":"sobre_este_blog","status":"publish","type":"page","link":"http:\/\/edutours.doc3d.org\/fr\/sobre_este_blog\/","title":{"rendered":"Sobre este Blog"},"content":{"rendered":"\n<p><strong><em>EDUTOURS<\/em><\/strong><sup>\u00ae<\/sup><\/p>\n\n\n\n<p>Convocatorias, an\u00e9cdotas, \"chascarrillos\"\u2026<br>Decretos de la <em>Direcci\u00f3n<\/em> de esta <em>Cosa<\/em>, Comentarios y quejas de los administrados, aplicaci\u00f3n de los <em>SPE<\/em> (<em><a href=\"http:\/\/edutours.doc3d.org\/2023\/01\/12\/los-sagrados-principios-edutoursianos\/\"><strong>S<\/strong>agrados <strong>P<\/strong>rincipios <strong>E<\/strong>dutoursianos<\/a><\/em>), r\u00e9plicas y contrarr\u00e9plicas de piantes y asimilados, etc.<\/p>\n\n\n\n<p>Nuestra bandera (anta\u00f1o un 4x4), fue cambiada por una mucho m\u00e1s representativa de nuestra filosof\u00eda: las iniciales de <em>Senatus Populus Que Edutoursianus<\/em>, laureadas, junto a una bota con musgo y verd\u00edn, y un huevo frito (CHF)<strong>\u25cf<\/strong><\/p>\n\n\n\n<figure class=\"wp-block-image size-full\"><img loading=\"lazy\" decoding=\"async\" width=\"628\" height=\"482\" src=\"http:\/\/edutours.doc3d.org\/wp-content\/uploads\/2022\/02\/Edulogo2.jpg\" alt=\"Logo Edutours\" class=\"wp-image-4513\" srcset=\"http:\/\/edutours.doc3d.org\/wp-content\/uploads\/2022\/02\/Edulogo2.jpg 628w, http:\/\/edutours.doc3d.org\/wp-content\/uploads\/2022\/02\/Edulogo2-300x230.jpg 300w\" sizes=\"auto, (max-width: 628px) 100vw, 628px\" \/><\/figure>\n\n\n\n<p> <\/p>\n\n\n\n<p> <\/p>\n\n\n\n<p><\/p>\n\n\n\n<p><\/p>\n\n\n\n<p><strong>\u25cf<\/strong> Es costumbre inveterada en <em>La Cosa<\/em> acabar nuestras rutas frente a unos buenos huevos fritos (con sus aditamentos o compangos) en cualquier fig\u00f3n cercano.<\/p>\n\n\n\n<p>Para cualquier consulta, estamos a vuestra disposici\u00f3n. Rellenad el formulario siguiente con vuestros comentarios:<\/p>\n\n\n<div class=\"wpforms-container wpforms-container-full\" id=\"wpforms-7840\"><form id=\"wpforms-form-7840\" class=\"wpforms-validate wpforms-form wpforms-ajax-form\" data-formid=\"7840\" method=\"post\" enctype=\"multipart\/form-data\" action=\"\/fr\/wp-json\/wp\/v2\/pages\/1185\" data-token=\"d712c5709781f369fc10b5b9719a919d\" data-token-time=\"1775976385\"><noscript class=\"wpforms-error-noscript\">Veuillez activer JavaScript dans votre navigateur pour remplir ce formulaire.<\/noscript><div class=\"wpforms-field-container\"><div id=\"wpforms-7840-field_0-container\" class=\"wpforms-field wpforms-field-name\" data-field-id=\"0\"><label class=\"wpforms-field-label\">Nombre <span class=\"wpforms-required-label\">*<\/span><\/label><div class=\"wpforms-field-row wpforms-field-medium\"><div class=\"wpforms-field-row-block wpforms-first wpforms-one-half\"><input type=\"text\" id=\"wpforms-7840-field_0\" class=\"wpforms-field-name-first wpforms-field-required\" name=\"wpforms[fields][0][first]\" required><label for=\"wpforms-7840-field_0\" class=\"wpforms-field-sublabel after\">Pr\u00e9nom<\/label><\/div><div class=\"wpforms-field-row-block wpforms-one-half\"><input type=\"text\" id=\"wpforms-7840-field_0-last\" class=\"wpforms-field-name-last wpforms-field-required\" name=\"wpforms[fields][0][last]\" required><label for=\"wpforms-7840-field_0-last\" class=\"wpforms-field-sublabel after\">Nom<\/label><\/div><\/div><\/div><div id=\"wpforms-7840-field_1-container\" class=\"wpforms-field wpforms-field-email\" data-field-id=\"1\"><label class=\"wpforms-field-label\" for=\"wpforms-7840-field_1\">Correo electr\u00f3nico <span class=\"wpforms-required-label\">*<\/span><\/label><input type=\"email\" id=\"wpforms-7840-field_1\" class=\"wpforms-field-medium wpforms-field-required\" name=\"wpforms[fields][1]\" spellcheck=\"false\" required><\/div><div id=\"wpforms-7840-field_2-container\" class=\"wpforms-field wpforms-field-textarea\" data-field-id=\"2\"><label class=\"wpforms-field-label\" for=\"wpforms-7840-field_2\">Comentario o mensaje<\/label><textarea id=\"wpforms-7840-field_2\" class=\"wpforms-field-medium\" name=\"wpforms[fields][2]\" ><\/textarea><\/div><\/div><!-- .wpforms-field-container --><div class=\"wpforms-submit-container\" ><input type=\"hidden\" name=\"wpforms[id]\" value=\"7840\"><input type=\"hidden\" name=\"page_title\" value=\"\"><input type=\"hidden\" name=\"page_url\" value=\"http:\/\/edutours.doc3d.org\/fr\/wp-json\/wp\/v2\/pages\/1185\"><input type=\"hidden\" name=\"url_referer\" value=\"\"><button type=\"submit\" name=\"wpforms[submit]\" id=\"wpforms-submit-7840\" class=\"wpforms-submit\" data-alt-text=\"Enviando...\" data-submit-text=\"Enviar\" aria-live=\"assertive\" value=\"wpforms-submit\">Enviar<\/button><img loading=\"lazy\" decoding=\"async\" src=\"http:\/\/edutours.doc3d.org\/wp-content\/plugins\/wpforms-lite\/assets\/images\/submit-spin.svg\" class=\"wpforms-submit-spinner\" style=\"display: none;\" width=\"26\" height=\"26\" alt=\"Chargement en cours\"><\/div><\/form><\/div>  <!-- .wpforms-container -->\n","protected":false},"excerpt":{"rendered":"<p>EDUTOURS\u00ae Convocatorias, an\u00e9cdotas, \"chascarrillos\"\u2026Decretos de la Direcci\u00f3n de esta Cosa, Comentarios y quejas de los administrados, aplicaci\u00f3n de los SPE (Sagrados Principios Edutoursianos), r\u00e9plicas y contrarr\u00e9plicas de piantes y asimilados, etc. Nuestra bandera (anta\u00f1o un 4x4), fue cambiada por una mucho m\u00e1s representativa de nuestra filosof\u00eda: las iniciales de Senatus Populus Que Edutoursianus, laureadas, junto [&hellip;]<\/p>\n","protected":false},"author":3,"featured_media":0,"parent":0,"menu_order":0,"comment_status":"closed","ping_status":"closed","template":"","meta":{"vkexunit_cta_each_option":"","footnotes":""},"class_list":["post-1185","page","type-page","status-publish","hentry"],"_links":{"self":[{"href":"http:\/\/edutours.doc3d.org\/fr\/wp-json\/wp\/v2\/pages\/1185","targetHints":{"allow":["GET"]}}],"collection":[{"href":"http:\/\/edutours.doc3d.org\/fr\/wp-json\/wp\/v2\/pages"}],"about":[{"href":"http:\/\/edutours.doc3d.org\/fr\/wp-json\/wp\/v2\/types\/page"}],"author":[{"embeddable":true,"href":"http:\/\/edutours.doc3d.org\/fr\/wp-json\/wp\/v2\/users\/3"}],"replies":[{"embeddable":true,"href":"http:\/\/edutours.doc3d.org\/fr\/wp-json\/wp\/v2\/comments?post=1185"}],"version-history":[{"count":16,"href":"http:\/\/edutours.doc3d.org\/fr\/wp-json\/wp\/v2\/pages\/1185\/revisions"}],"predecessor-version":[{"id":9125,"href":"http:\/\/edutours.doc3d.org\/fr\/wp-json\/wp\/v2\/pages\/1185\/revisions\/9125"}],"wp:attachment":[{"href":"http:\/\/edutours.doc3d.org\/fr\/wp-json\/wp\/v2\/media?parent=1185"}],"curies":[{"name":"wp","href":"https:\/\/api.w.org\/{rel}","templated":true}]}}