{"id":11946,"date":"2023-08-15T12:17:39","date_gmt":"2023-08-15T10:17:39","guid":{"rendered":"http:\/\/edutours.doc3d.org\/?page_id=11946"},"modified":"2023-08-15T22:05:50","modified_gmt":"2023-08-15T20:05:50","slug":"hofu","status":"publish","type":"page","link":"http:\/\/edutours.doc3d.org\/fr\/hofu\/","title":{"rendered":"HOFu, el Cuadro de Honor"},"content":{"rendered":"<p>A partir del verano de 2023, el HOF (Cuadro de Honor, publicado por \u00faltima vez en <a href=\"?p=8481\">febrero de 2023<\/a>) de Edutours\u00ae deja su sitio al HOFu (HOF Unificado). Dentro de las diferencias, destaca que ya no depende de la presencia del cronista para que una ruta cuente. Tambi\u00e9n, el Cronista ahora est\u00e1 integrado al tabl\u00f3n y llega al primer puesto.<\/p>\n\n\n\n<p>Para entrar en el HOFu es necesario acreditar la asistencia al menos de diez rutas.<\/p>\n\n\n\n<table id=\"tablepress-1\" class=\"tablepress tablepress-id-1\">\n<thead>\n<tr class=\"row-1\">\n\t<th class=\"column-1\">Rango<\/th><th class=\"column-2\">Nombre Edutoursian@<\/th><th class=\"column-3\">#Rutas<\/th><th class=\"column-4\">Distancia (km)<\/th><th class=\"column-5\">Tiempo (h)<\/th><th class=\"column-6\">DA positivo (km)<\/th>\n<\/tr>\n<\/thead>\n<tbody class=\"row-striping row-hover\">\n<tr class=\"row-2\">\n\t<td class=\"column-1\">1<\/td><td class=\"column-2\">Enrique P. (\ud835\udd4a)<\/td><td class=\"column-3\">592<\/td><td class=\"column-4\">7927<\/td><td class=\"column-5\">3297<\/td><td class=\"column-6\">213<\/td>\n<\/tr>\n<tr class=\"row-3\">\n\t<td class=\"column-1\">2<\/td><td class=\"column-2\">F\u00e9lix (\ud835\udd4a)<\/td><td class=\"column-3\">328<\/td><td class=\"column-4\">4357<\/td><td class=\"column-5\">1839<\/td><td class=\"column-6\">136<\/td>\n<\/tr>\n<tr class=\"row-4\">\n\t<td class=\"column-1\">3<\/td><td class=\"column-2\">Eduardo (\ud835\udd4a\u271d\ufe0e )<\/td><td class=\"column-3\">306<\/td><td class=\"column-4\">4330<\/td><td class=\"column-5\">1835<\/td><td class=\"column-6\">100<\/td>\n<\/tr>\n<tr class=\"row-5\">\n\t<td class=\"column-1\">4<\/td><td class=\"column-2\">Susana<\/td><td class=\"column-3\">143<\/td><td class=\"column-4\">1622<\/td><td class=\"column-5\">677<\/td><td class=\"column-6\">57<\/td>\n<\/tr>\n<tr class=\"row-6\">\n\t<td class=\"column-1\">5<\/td><td class=\"column-2\">Yolanda<\/td><td class=\"column-3\">115<\/td><td class=\"column-4\">1391<\/td><td class=\"column-5\">574<\/td><td class=\"column-6\">40<\/td>\n<\/tr>\n<tr class=\"row-7\">\n\t<td class=\"column-1\">6<\/td><td class=\"column-2\">Christophe (\ud835\udd4a)<\/td><td class=\"column-3\">113<\/td><td class=\"column-4\">1335<\/td><td class=\"column-5\">549<\/td><td class=\"column-6\">38<\/td>\n<\/tr>\n<tr class=\"row-8\">\n\t<td class=\"column-1\">7<\/td><td class=\"column-2\">Javier<\/td><td class=\"column-3\">104<\/td><td class=\"column-4\">1182<\/td><td class=\"column-5\">483<\/td><td class=\"column-6\">34<\/td>\n<\/tr>\n<tr class=\"row-9\">\n\t<td class=\"column-1\">8<\/td><td class=\"column-2\">Jos\u00e9 F\u00e9lix<\/td><td class=\"column-3\">95<\/td><td class=\"column-4\">1186<\/td><td class=\"column-5\">531<\/td><td class=\"column-6\">48<\/td>\n<\/tr>\n<tr class=\"row-10\">\n\t<td class=\"column-1\">9<\/td><td class=\"column-2\">Joaqu\u00edn (\u271d\ufe0e)<\/td><td class=\"column-3\">78<\/td><td class=\"column-4\">1083<\/td><td class=\"column-5\">457<\/td><td class=\"column-6\">21<\/td>\n<\/tr>\n<tr class=\"row-11\">\n\t<td class=\"column-1\">10<\/td><td class=\"column-2\">Crist\u00f3bal<\/td><td class=\"column-3\">77<\/td><td class=\"column-4\">882<\/td><td class=\"column-5\">381<\/td><td class=\"column-6\">21<\/td>\n<\/tr>\n<tr class=\"row-12\">\n\t<td class=\"column-1\">11<\/td><td class=\"column-2\">Daniel<\/td><td class=\"column-3\">75<\/td><td class=\"column-4\">868<\/td><td class=\"column-5\">376<\/td><td class=\"column-6\">27<\/td>\n<\/tr>\n<tr class=\"row-13\">\n\t<td class=\"column-1\">12<\/td><td class=\"column-2\">Rogelio<\/td><td class=\"column-3\">74<\/td><td class=\"column-4\">1114<\/td><td class=\"column-5\">449<\/td><td class=\"column-6\">25<\/td>\n<\/tr>\n<tr class=\"row-14\">\n\t<td class=\"column-1\">13<\/td><td class=\"column-2\">Cristina<\/td><td class=\"column-3\">68<\/td><td class=\"column-4\">782<\/td><td class=\"column-5\">316<\/td><td class=\"column-6\">24<\/td>\n<\/tr>\n<tr class=\"row-15\">\n\t<td class=\"column-1\">14<\/td><td class=\"column-2\">Miguel \u00c1ngel (\ud835\udd4a)<\/td><td class=\"column-3\">55<\/td><td class=\"column-4\">605<\/td><td class=\"column-5\">244<\/td><td class=\"column-6\">20<\/td>\n<\/tr>\n<tr class=\"row-16\">\n\t<td class=\"column-1\">15<\/td><td class=\"column-2\">Mar\u00eda Jos\u00e9<\/td><td class=\"column-3\">51<\/td><td class=\"column-4\">574<\/td><td class=\"column-5\">241<\/td><td class=\"column-6\">19<\/td>\n<\/tr>\n<tr class=\"row-17\">\n\t<td class=\"column-1\">16<\/td><td class=\"column-2\">Luc\u00eda<\/td><td class=\"column-3\">51<\/td><td class=\"column-4\">544<\/td><td class=\"column-5\">227<\/td><td class=\"column-6\">18<\/td>\n<\/tr>\n<tr class=\"row-18\">\n\t<td class=\"column-1\">17<\/td><td class=\"column-2\">Antonio<\/td><td class=\"column-3\">50<\/td><td class=\"column-4\">712<\/td><td class=\"column-5\">307<\/td><td class=\"column-6\">15<\/td>\n<\/tr>\n<tr class=\"row-19\">\n\t<td class=\"column-1\">18<\/td><td class=\"column-2\">Alberto P.<\/td><td class=\"column-3\">49<\/td><td class=\"column-4\">713<\/td><td class=\"column-5\">256<\/td><td class=\"column-6\">11<\/td>\n<\/tr>\n<tr class=\"row-20\">\n\t<td class=\"column-1\">19<\/td><td class=\"column-2\">Carlos R.<\/td><td class=\"column-3\">44<\/td><td class=\"column-4\">487<\/td><td class=\"column-5\">209<\/td><td class=\"column-6\">15<\/td>\n<\/tr>\n<tr class=\"row-21\">\n\t<td class=\"column-1\">20<\/td><td class=\"column-2\">Isabel<\/td><td class=\"column-3\">42<\/td><td class=\"column-4\">506<\/td><td class=\"column-5\">207<\/td><td class=\"column-6\">15<\/td>\n<\/tr>\n<tr class=\"row-22\">\n\t<td class=\"column-1\">21<\/td><td class=\"column-2\">Manuel<\/td><td class=\"column-3\">41<\/td><td class=\"column-4\">651<\/td><td class=\"column-5\">302<\/td><td class=\"column-6\">19<\/td>\n<\/tr>\n<tr class=\"row-23\">\n\t<td class=\"column-1\">22<\/td><td class=\"column-2\">ARSULIPO (*)<\/td><td class=\"column-3\">39<\/td><td class=\"column-4\">423<\/td><td class=\"column-5\">185<\/td><td class=\"column-6\">18<\/td>\n<\/tr>\n<tr class=\"row-24\">\n\t<td class=\"column-1\">23<\/td><td class=\"column-2\">Luis N.<\/td><td class=\"column-3\">38<\/td><td class=\"column-4\">535<\/td><td class=\"column-5\">235<\/td><td class=\"column-6\">14<\/td>\n<\/tr>\n<tr class=\"row-25\">\n\t<td class=\"column-1\">24<\/td><td class=\"column-2\">Alberto B.<\/td><td class=\"column-3\">35<\/td><td class=\"column-4\">511<\/td><td class=\"column-5\">245<\/td><td class=\"column-6\">15<\/td>\n<\/tr>\n<tr class=\"row-26\">\n\t<td class=\"column-1\">25<\/td><td class=\"column-2\">Almudena<\/td><td class=\"column-3\">35<\/td><td class=\"column-4\">424<\/td><td class=\"column-5\">182<\/td><td class=\"column-6\">13<\/td>\n<\/tr>\n<tr class=\"row-27\">\n\t<td class=\"column-1\">26<\/td><td class=\"column-2\">Pablo A.<\/td><td class=\"column-3\">33<\/td><td class=\"column-4\">394<\/td><td class=\"column-5\">163<\/td><td class=\"column-6\">12<\/td>\n<\/tr>\n<tr class=\"row-28\">\n\t<td class=\"column-1\">27<\/td><td class=\"column-2\">Miguel Ll.<\/td><td class=\"column-3\">32<\/td><td class=\"column-4\">455<\/td><td class=\"column-5\">213<\/td><td class=\"column-6\">9<\/td>\n<\/tr>\n<tr class=\"row-29\">\n\t<td class=\"column-1\">28<\/td><td class=\"column-2\">Carmen R. (\u271d\ufe0e)<\/td><td class=\"column-3\">28<\/td><td class=\"column-4\">438<\/td><td class=\"column-5\">142<\/td><td class=\"column-6\">6<\/td>\n<\/tr>\n<tr class=\"row-30\">\n\t<td class=\"column-1\">29<\/td><td class=\"column-2\">Libertad<\/td><td class=\"column-3\">26<\/td><td class=\"column-4\">311<\/td><td class=\"column-5\">127<\/td><td class=\"column-6\">8<\/td>\n<\/tr>\n<tr class=\"row-31\">\n\t<td class=\"column-1\">30<\/td><td class=\"column-2\">Jos\u00e9 Antonio<\/td><td class=\"column-3\">25<\/td><td class=\"column-4\">225<\/td><td class=\"column-5\">95<\/td><td class=\"column-6\">8<\/td>\n<\/tr>\n<tr class=\"row-32\">\n\t<td class=\"column-1\">31<\/td><td class=\"column-2\">Alejandro<\/td><td class=\"column-3\">25<\/td><td class=\"column-4\">292<\/td><td class=\"column-5\">128<\/td><td class=\"column-6\">6<\/td>\n<\/tr>\n<tr class=\"row-33\">\n\t<td class=\"column-1\">32<\/td><td class=\"column-2\">Luis Z.<\/td><td class=\"column-3\">24<\/td><td class=\"column-4\">360<\/td><td class=\"column-5\">147<\/td><td class=\"column-6\">9<\/td>\n<\/tr>\n<tr class=\"row-34\">\n\t<td class=\"column-1\">33<\/td><td class=\"column-2\">Armando<\/td><td class=\"column-3\">24<\/td><td class=\"column-4\">483<\/td><td class=\"column-5\">154<\/td><td class=\"column-6\">6<\/td>\n<\/tr>\n<tr class=\"row-35\">\n\t<td class=\"column-1\">34<\/td><td class=\"column-2\">Marcos<\/td><td class=\"column-3\">23<\/td><td class=\"column-4\">301<\/td><td class=\"column-5\">131<\/td><td class=\"column-6\">5<\/td>\n<\/tr>\n<tr class=\"row-36\">\n\t<td class=\"column-1\">35<\/td><td class=\"column-2\">Santos<\/td><td class=\"column-3\">22<\/td><td class=\"column-4\">224<\/td><td class=\"column-5\">91<\/td><td class=\"column-6\">7<\/td>\n<\/tr>\n<tr class=\"row-37\">\n\t<td class=\"column-1\">36<\/td><td class=\"column-2\">Ana<\/td><td class=\"column-3\">21<\/td><td class=\"column-4\">283<\/td><td class=\"column-5\">147<\/td><td class=\"column-6\">6<\/td>\n<\/tr>\n<tr class=\"row-38\">\n\t<td class=\"column-1\">37<\/td><td class=\"column-2\">Bernardo<\/td><td class=\"column-3\">20<\/td><td class=\"column-4\">169<\/td><td class=\"column-5\">69<\/td><td class=\"column-6\">5<\/td>\n<\/tr>\n<tr class=\"row-39\">\n\t<td class=\"column-1\">38<\/td><td class=\"column-2\">Jose Luis<\/td><td class=\"column-3\">19<\/td><td class=\"column-4\">208<\/td><td class=\"column-5\">85<\/td><td class=\"column-6\">10<\/td>\n<\/tr>\n<tr class=\"row-40\">\n\t<td class=\"column-1\">39<\/td><td class=\"column-2\">Borja<\/td><td class=\"column-3\">19<\/td><td class=\"column-4\">297<\/td><td class=\"column-5\">124<\/td><td class=\"column-6\">6<\/td>\n<\/tr>\n<tr class=\"row-41\">\n\t<td class=\"column-1\">40<\/td><td class=\"column-2\">Carlos<\/td><td class=\"column-3\">19<\/td><td class=\"column-4\">293<\/td><td class=\"column-5\">129<\/td><td class=\"column-6\">6<\/td>\n<\/tr>\n<tr class=\"row-42\">\n\t<td class=\"column-1\">41<\/td><td class=\"column-2\">Pilar<\/td><td class=\"column-3\">19<\/td><td class=\"column-4\">183<\/td><td class=\"column-5\">76<\/td><td class=\"column-6\">5<\/td>\n<\/tr>\n<tr class=\"row-43\">\n\t<td class=\"column-1\">42<\/td><td class=\"column-2\">Pablo S.<\/td><td class=\"column-3\">16<\/td><td class=\"column-4\">237<\/td><td class=\"column-5\">121<\/td><td class=\"column-6\">7<\/td>\n<\/tr>\n<tr class=\"row-44\">\n\t<td class=\"column-1\">43<\/td><td class=\"column-2\">Marif\u00e9<\/td><td class=\"column-3\">13<\/td><td class=\"column-4\">154<\/td><td class=\"column-5\">60<\/td><td class=\"column-6\">5<\/td>\n<\/tr>\n<tr class=\"row-45\">\n\t<td class=\"column-1\">44<\/td><td class=\"column-2\">Ana L.<\/td><td class=\"column-3\">13<\/td><td class=\"column-4\">200<\/td><td class=\"column-5\">78<\/td><td class=\"column-6\">5<\/td>\n<\/tr>\n<tr class=\"row-46\">\n\t<td class=\"column-1\">45<\/td><td class=\"column-2\">Jos\u00e9 Manuel<\/td><td class=\"column-3\">13<\/td><td class=\"column-4\">176<\/td><td class=\"column-5\">64<\/td><td class=\"column-6\">5<\/td>\n<\/tr>\n<tr class=\"row-47\">\n\t<td class=\"column-1\">46<\/td><td class=\"column-2\">Esperanza<\/td><td class=\"column-3\">12<\/td><td class=\"column-4\">113<\/td><td class=\"column-5\">47<\/td><td class=\"column-6\">2<\/td>\n<\/tr>\n<tr class=\"row-48\">\n\t<td class=\"column-1\">47<\/td><td class=\"column-2\">Tita<\/td><td class=\"column-3\">11<\/td><td class=\"column-4\">106<\/td><td class=\"column-5\">48<\/td><td class=\"column-6\">3<\/td>\n<\/tr>\n<tr class=\"row-49\">\n\t<td class=\"column-1\">48<\/td><td class=\"column-2\">Carmen C.<\/td><td class=\"column-3\">11<\/td><td class=\"column-4\">159<\/td><td class=\"column-5\">70<\/td><td class=\"column-6\">2<\/td>\n<\/tr>\n<tr class=\"row-50\">\n\t<td class=\"column-1\">49<\/td><td class=\"column-2\">Pablo R.<\/td><td class=\"column-3\">11<\/td><td class=\"column-4\">125<\/td><td class=\"column-5\">61<\/td><td class=\"column-6\">1<\/td>\n<\/tr>\n<tr class=\"row-51\">\n\t<td class=\"column-1\">50<\/td><td class=\"column-2\">Marta P.<\/td><td class=\"column-3\">10<\/td><td class=\"column-4\">132<\/td><td class=\"column-5\">61<\/td><td class=\"column-6\">3<\/td>\n<\/tr>\n<tr class=\"row-52\">\n\t<td class=\"column-1\">51<\/td><td class=\"column-2\">Andr\u00e9s<\/td><td class=\"column-3\">10<\/td><td class=\"column-4\">121<\/td><td class=\"column-5\">45<\/td><td class=\"column-6\">3<\/td>\n<\/tr>\n<tr class=\"row-53\">\n\t<td class=\"column-1\">52<\/td><td class=\"column-2\">Miguel D.<\/td><td class=\"column-3\">10<\/td><td class=\"column-4\">119<\/td><td class=\"column-5\">51<\/td><td class=\"column-6\">2<\/td>\n<\/tr>\n<tr class=\"row-54\">\n\t<td class=\"column-1\">53<\/td><td class=\"column-2\">Fernando<\/td><td class=\"column-3\">10<\/td><td class=\"column-4\">145<\/td><td class=\"column-5\">61<\/td><td class=\"column-6\">2<\/td>\n<\/tr>\n<\/tbody>\n<\/table>\n<!-- #tablepress-1 from cache -->\n\n\n<table id=\"tablepress-2\" class=\"tablepress tablepress-id-2\">\n<tbody>\n<tr class=\"row-1\">\n\t<td class=\"column-1\">En <strong>658<\/strong> rutas desde <strong>1995-08-08<\/strong> hasta <strong>2026-04-24<\/strong>.<br \/>\nOtras <strong>389<\/strong> personas m\u00e1s nos acompa\u00f1aron menos de diez veces y por consiguiente no han reunido los m\u00e9ritos suficientes para estar en este Cuadro de Honor.<br \/>\nDestacan los <strong>228<\/strong> participantes de la categor\u00eda \u201cNo Vuelvo M\u00e1s\u201d, los de una ruta, que nos hubiera querido convencer de unirse a la cosa. Obviamente, los que acaban de unirse a la cosa, tienen que pasar por esta etapa inici\u00e1tica.<br \/>\nA cada ruta participaron entre <strong>1<\/strong> y <strong>40<\/strong> personas con una media de <strong>6<\/strong>.<br \/>\nLa \"<strong>\u271d\ufe0e<\/strong>\" significa que, lamentablemente, los perdimos para siempre.<br \/>\nLa \"\ud835\udd4a\" identifica a los miembros del Senado.<br \/>\n* ARSULIPO identifica a los que no quieren aparecer nombrado (Derechos de Acceso, Rectificaci\u00f3n, SUpresi\u00f3n (olvido), LImitaci\u00f3n del tratamiento, Portabilidad y Oposici\u00f3n).<\/td>\n<\/tr>\n<\/tbody>\n<\/table>\n<!-- #tablepress-2 from cache -->","protected":false},"excerpt":{"rendered":"<p>A partir del verano de 2023, el HOF (Cuadro de Honor, publicado por \u00faltima vez en febrero de 2023) de Edutours\u00ae deja su sitio al HOFu (HOF Unificado). Dentro de las diferencias, destaca que ya no depende de la presencia del cronista para que una ruta cuente. Tambi\u00e9n, el Cronista ahora est\u00e1 integrado al tabl\u00f3n [&hellip;]<\/p>\n","protected":false},"author":4,"featured_media":0,"parent":0,"menu_order":0,"comment_status":"open","ping_status":"closed","template":"","meta":{"sns_share_botton_hide":"","vkExUnit_sns_title":"","_vk_print_noindex":"","sitemap_hide":"","vkExUnit_sitemap":"","_veu_custom_css":"","veu_display_promotion_alert":"","_exclude_from_list_pages":"","vkexunit_cta_each_option":"","vkExUnit_childPageIndex":"","vkExUnit_pageList_ancestor":"","vkExUnit_contact_enable":"","footnotes":""},"class_list":["post-11946","page","type-page","status-publish","hentry"],"veu_head_title_object":{"title":"","add_site_title":""},"_links":{"self":[{"href":"http:\/\/edutours.doc3d.org\/fr\/wp-json\/wp\/v2\/pages\/11946","targetHints":{"allow":["GET"]}}],"collection":[{"href":"http:\/\/edutours.doc3d.org\/fr\/wp-json\/wp\/v2\/pages"}],"about":[{"href":"http:\/\/edutours.doc3d.org\/fr\/wp-json\/wp\/v2\/types\/page"}],"author":[{"embeddable":true,"href":"http:\/\/edutours.doc3d.org\/fr\/wp-json\/wp\/v2\/users\/4"}],"replies":[{"embeddable":true,"href":"http:\/\/edutours.doc3d.org\/fr\/wp-json\/wp\/v2\/comments?post=11946"}],"version-history":[{"count":3,"href":"http:\/\/edutours.doc3d.org\/fr\/wp-json\/wp\/v2\/pages\/11946\/revisions"}],"predecessor-version":[{"id":11953,"href":"http:\/\/edutours.doc3d.org\/fr\/wp-json\/wp\/v2\/pages\/11946\/revisions\/11953"}],"wp:attachment":[{"href":"http:\/\/edutours.doc3d.org\/fr\/wp-json\/wp\/v2\/media?parent=11946"}],"curies":[{"name":"wp","href":"https:\/\/api.w.org\/{rel}","templated":true}]}}